{"id":6132,"date":"2023-08-01T12:01:34","date_gmt":"2023-08-01T09:01:34","guid":{"rendered":"https:\/\/ssaguvenlik.com\/?page_id=6132"},"modified":"2023-11-14T14:23:57","modified_gmt":"2023-11-14T11:23:57","slug":"teklif-al","status":"publish","type":"page","link":"https:\/\/ssaguvenlik.com\/en\/get-an-offer\/","title":{"rendered":"Get a Quote"},"content":{"rendered":"<div data-elementor-type=\"wp-page\" data-elementor-id=\"6132\" class=\"elementor elementor-6132\">\n\t\t\t\t\t\t<section class=\"elementor-section elementor-top-section elementor-element elementor-element-f5b1db6 elementor-section-stretched elementor-section-boxed elementor-section-height-default elementor-section-height-default\" data-id=\"f5b1db6\" data-element_type=\"section\" data-settings=\"{&quot;stretch_section&quot;:&quot;section-stretched&quot;}\">\n\t\t\t\t\t\t<div class=\"elementor-container elementor-column-gap-no\">\n\t\t\t\t\t<div class=\"elementor-column elementor-col-100 elementor-top-column elementor-element elementor-element-47c3b44\" data-id=\"47c3b44\" data-element_type=\"column\">\n\t\t\t<div class=\"elementor-widget-wrap elementor-element-populated\">\n\t\t\t\t\t\t<div class=\"elementor-element elementor-element-ee9025d elementor-widget elementor-widget-image\" data-id=\"ee9025d\" data-element_type=\"widget\" data-widget_type=\"image.default\">\n\t\t\t\t<div class=\"elementor-widget-container\">\n\t\t\t\t\t\t\t\t\t\t\t\t\t<img fetchpriority=\"high\" decoding=\"async\" width=\"1287\" height=\"250\" src=\"https:\/\/ssaguvenlik.com\/wp-content\/uploads\/2023\/08\/teklif-al.jpg\" class=\"attachment-full size-full wp-image-6140\" alt=\"get an offer\" srcset=\"https:\/\/ssaguvenlik.com\/wp-content\/uploads\/2023\/08\/teklif-al.jpg 1287w, https:\/\/ssaguvenlik.com\/wp-content\/uploads\/2023\/08\/teklif-al-300x58.jpg 300w, https:\/\/ssaguvenlik.com\/wp-content\/uploads\/2023\/08\/teklif-al-1024x199.jpg 1024w, https:\/\/ssaguvenlik.com\/wp-content\/uploads\/2023\/08\/teklif-al-768x149.jpg 768w\" sizes=\"(max-width: 1287px) 100vw, 1287px\" title=\"\">\t\t\t\t\t\t\t\t\t\t\t\t\t<\/div>\n\t\t\t\t<\/div>\n\t\t\t\t<section class=\"elementor-section elementor-inner-section elementor-element elementor-element-42ed20d elementor-section-full_width elementor-section-height-default elementor-section-height-default\" data-id=\"42ed20d\" data-element_type=\"section\">\n\t\t\t\t\t\t<div class=\"elementor-container elementor-column-gap-default\">\n\t\t\t\t\t<div class=\"elementor-column elementor-col-100 elementor-inner-column elementor-element elementor-element-346fc10\" data-id=\"346fc10\" data-element_type=\"column\" data-settings=\"{&quot;background_background&quot;:&quot;classic&quot;}\">\n\t\t\t<div class=\"elementor-widget-wrap elementor-element-populated\">\n\t\t\t\t\t\t<div class=\"elementor-element elementor-element-da13203 is-basvuru-baslik elementor-widget elementor-widget-text-editor\" data-id=\"da13203\" data-element_type=\"widget\" data-widget_type=\"text-editor.default\">\n\t\t\t\t<div class=\"elementor-widget-container\">\n\t\t\t\t\t\t\t<h1>Get a Quote<\/h1>\n<span style=\"font-size: 16pt;\">You can get an offer from us for the security service you need.<\/span>\t\t\t\t\t\t<\/div>\n\t\t\t\t<\/div>\n\t\t\t\t<div class=\"elementor-element elementor-element-601b762 elementor-widget elementor-widget-shortcode\" data-id=\"601b762\" data-element_type=\"widget\" data-widget_type=\"shortcode.default\">\n\t\t\t\t<div class=\"elementor-widget-container\">\n\t\t\t\t\t<div class=\"elementor-shortcode\">\n<div class=\"wpcf7 no-js\" id=\"wpcf7-f6131-o1\" lang=\"en-US\" dir=\"ltr\" data-wpcf7-id=\"6131\">\n<div class=\"screen-reader-response\"><p role=\"status\" aria-live=\"polite\" aria-atomic=\"true\"><\/p> <ul><\/ul><\/div>\n<form action=\"\/wp-json\/wp\/v2\/pages\/6132\" method=\"post\" class=\"wpcf7-form init\" aria-label=\"contact form\" novalidate=\"novalidate\" data-status=\"init\" data-trp-original-action=\"\/en\/wp-json\/wp\/v2\/pages\/6132#wpcf7-f6131-o1\">\n<fieldset class=\"hidden-fields-container\"><input type=\"hidden\" name=\"_wpcf7\" value=\"6131\" \/><input type=\"hidden\" name=\"_wpcf7_version\" value=\"6.1.5\" \/><input type=\"hidden\" name=\"_wpcf7_locale\" value=\"en_US\" \/><input type=\"hidden\" name=\"_wpcf7_unit_tag\" value=\"wpcf7-f6131-o1\" \/><input type=\"hidden\" name=\"_wpcf7_container_post\" value=\"0\" \/><input type=\"hidden\" name=\"_wpcf7_posted_data_hash\" value=\"\" \/>\n<\/fieldset>\n<div class=\"row contact-form\">\n<div class=\"col-md-6 mb-20\">\n\t<span class=\"wpcf7-form-control-wrap\" data-name=\"isimsoyad\"><input size=\"40\" maxlength=\"400\" class=\"wpcf7-form-control wpcf7-text wpcf7-validates-as-required\" aria-required=\"true\" aria-invalid=\"false\" placeholder=\"Name surname\" value=\"\" type=\"text\" name=\"isimsoyad\" \/><\/span>\n<\/div>\n\n<div class=\"col-md-6 mb-20\">\n\t<span class=\"wpcf7-form-control-wrap\" data-name=\"kurum\"><input size=\"40\" maxlength=\"400\" class=\"wpcf7-form-control wpcf7-text wpcf7-validates-as-required\" aria-required=\"true\" aria-invalid=\"false\" placeholder=\"Company Name\" value=\"\" type=\"text\" name=\"kurum\" \/><\/span>\n<\/div>\n\n<div class=\"col-md-6 mb-20\">\n\t<span class=\"wpcf7-form-control-wrap\" data-name=\"telefon\"><input size=\"40\" maxlength=\"400\" class=\"wpcf7-form-control wpcf7-tel wpcf7-validates-as-required wpcf7-text wpcf7-validates-as-tel\" aria-required=\"true\" aria-invalid=\"false\" placeholder=\"Telephone\" value=\"\" type=\"tel\" name=\"telefon\" \/><\/span>\n<\/div>\n\n<div class=\"col-md-6 mb-20\">\n\t<span class=\"wpcf7-form-control-wrap\" data-name=\"eposta\"><input size=\"40\" maxlength=\"400\" class=\"wpcf7-form-control wpcf7-email wpcf7-validates-as-required wpcf7-text wpcf7-validates-as-email\" aria-required=\"true\" aria-invalid=\"false\" placeholder=\"Email\" value=\"\" type=\"email\" name=\"eposta\" \/><\/span>\n<\/div>\n\n<div class=\"col-md-12 mb-30\">\n\t<span class=\"wpcf7-form-control-wrap\" data-name=\"hizmet\"><select class=\"wpcf7-form-control wpcf7-select wpcf7-validates-as-required\" aria-required=\"true\" aria-invalid=\"false\" name=\"hizmet\"><option value=\"Hizmet Se\u00e7iniz\">Select Service<\/option><option value=\"Yak\u0131n Koruma Hizmetleri\">Close Protection Services<\/option><option value=\"Spor Organizasyonlar\u0131 G\u00fcvenli\u011fi\">Sports Organizations Security<\/option><option value=\"Site G\u00fcvenli\u011fi\">Site Security<\/option><option value=\"AVM G\u00fcvenli\u011fi\">Shopping Mall Security<\/option><option value=\"Otel G\u00fcvenli\u011fi\">Hotel Security<\/option><option value=\"\u0130n\u015faat G\u00fcvenli\u011fi\">Construction Safety<\/option><option value=\"\u0130\u015f Merkezi G\u00fcvenli\u011fi Hizmetleri\">Business Center Security Services<\/option><option value=\"Depo ve Fabrika G\u00fcvenli\u011fi\">Warehouse and Factory Security<\/option><option value=\"Hastane G\u00fcvenli\u011fi\">Hospital Security<\/option><\/select><\/span>\n<\/div>\n\n<div class=\"col-md-12 mb-30\">\n\t<span class=\"wpcf7-form-control-wrap\" data-name=\"detaylar\"><textarea cols=\"40\" rows=\"10\" maxlength=\"2000\" class=\"wpcf7-form-control wpcf7-textarea wpcf7-validates-as-required\" aria-required=\"true\" aria-invalid=\"false\" placeholder=\"Provide Information on the Subject\" name=\"detaylar\"><\/textarea><\/span>\n<\/div>\n  <div class=\"col-lg-12\">\n    <div class=\"contact__page-form-item\">\n      <span class=\"wpcf7-form-control-wrap\" data-name=\"hcap-cf7\">\t\t<input\n\t\t\t\ttype=\"hidden\"\n\t\t\t\tclass=\"hcaptcha-widget-id\"\n\t\t\t\tname=\"hcaptcha-widget-id\"\n\t\t\t\tvalue=\"eyJzb3VyY2UiOlsiY29udGFjdC1mb3JtLTdcL3dwLWNvbnRhY3QtZm9ybS03LnBocCJdLCJmb3JtX2lkIjo2MTMxfQ==-c596ad04b1202bd1b61297908df9536d\">\n\t\t\t\t<span id=\"hcap_cf7-69e4989f3e3ab9.45489801\" class=\"wpcf7-form-control h-captcha\"\n\t\t\tdata-sitekey=\"2844963e-d3e5-4439-ae8e-c326baed8273\"\n\t\t\tdata-theme=\"light\"\n\t\t\tdata-size=\"normal\"\n\t\t\tdata-auto=\"false\"\n\t\t\tdata-ajax=\"false\"\n\t\t\tdata-force=\"false\">\n\t\t<\/span>\n\t\t<input type=\"hidden\" id=\"_wpnonce\" name=\"_wpnonce\" value=\"86ed9a52f5\" \/><input type=\"hidden\" name=\"_wp_http_referer\" value=\"\/en\/wp-json\/wp\/v2\/pages\/6132\" \/><\/span><button class=\"btn-one\" type=\"submit\">\n        COMPLETE THE APPLICATION<i class=\"far fa-chevron-double-right\"><\/i>\n      <\/button>\n    <\/div>\n  <\/div>\n<\/div><div class=\"wpcf7-response-output\" aria-hidden=\"true\"><\/div>\n<input type=\"hidden\" name=\"trp-form-language\" value=\"en\"\/><\/form>\n<\/div>\n<\/div>\n\t\t\t\t<\/div>\n\t\t\t\t<\/div>\n\t\t\t\t\t<\/div>\n\t\t<\/div>\n\t\t\t\t\t<\/div>\n\t\t<\/section>\n\t\t\t\t<section class=\"elementor-section elementor-inner-section elementor-element elementor-element-1a2d3cf elementor-section-full_width elementor-section-height-default elementor-section-height-default\" data-id=\"1a2d3cf\" data-element_type=\"section\">\n\t\t\t\t\t\t<div class=\"elementor-container elementor-column-gap-default\">\n\t\t\t\t\t<div class=\"elementor-column elementor-col-100 elementor-inner-column elementor-element elementor-element-c80f175\" data-id=\"c80f175\" data-element_type=\"column\">\n\t\t\t<div class=\"elementor-widget-wrap\">\n\t\t\t\t\t\t\t<\/div>\n\t\t<\/div>\n\t\t\t\t\t<\/div>\n\t\t<\/section>\n\t\t\t\t\t<\/div>\n\t\t<\/div>\n\t\t\t\t\t<\/div>\n\t\t<\/section>\n\t\t\t\t<\/div>","protected":false},"excerpt":{"rendered":"<p>Get an Offer You can get an offer from us for the security service you need.<\/p>","protected":false},"author":1,"featured_media":0,"parent":0,"menu_order":0,"comment_status":"closed","ping_status":"closed","template":"","meta":{"footnotes":""},"class_list":["post-6132","page","type-page","status-publish","hentry"],"_links":{"self":[{"href":"https:\/\/ssaguvenlik.com\/en\/wp-json\/wp\/v2\/pages\/6132","targetHints":{"allow":["GET"]}}],"collection":[{"href":"https:\/\/ssaguvenlik.com\/en\/wp-json\/wp\/v2\/pages"}],"about":[{"href":"https:\/\/ssaguvenlik.com\/en\/wp-json\/wp\/v2\/types\/page"}],"author":[{"embeddable":true,"href":"https:\/\/ssaguvenlik.com\/en\/wp-json\/wp\/v2\/users\/1"}],"replies":[{"embeddable":true,"href":"https:\/\/ssaguvenlik.com\/en\/wp-json\/wp\/v2\/comments?post=6132"}],"version-history":[{"count":0,"href":"https:\/\/ssaguvenlik.com\/en\/wp-json\/wp\/v2\/pages\/6132\/revisions"}],"wp:attachment":[{"href":"https:\/\/ssaguvenlik.com\/en\/wp-json\/wp\/v2\/media?parent=6132"}],"curies":[{"name":"wp","href":"https:\/\/api.w.org\/{rel}","templated":true}]}}