{"id":1949,"date":"2023-01-21T13:34:50","date_gmt":"2023-01-21T13:34:50","guid":{"rendered":"http:\/\/wpuidemos.com\/?page_id=1949"},"modified":"2026-05-14T10:49:12","modified_gmt":"2026-05-14T07:49:12","slug":"iletisim","status":"publish","type":"page","link":"https:\/\/ssaguvenlik.com\/en\/communication\/","title":{"rendered":"Communication"},"content":{"rendered":"<div data-elementor-type=\"wp-page\" data-elementor-id=\"1949\" class=\"elementor elementor-1949\">\n\t\t\t\t\t\t<section class=\"elementor-section elementor-top-section elementor-element elementor-element-af569c6 elementor-section-boxed elementor-section-height-default elementor-section-height-default\" data-id=\"af569c6\" data-element_type=\"section\">\n\t\t\t\t\t\t<div class=\"elementor-container elementor-column-gap-no\">\n\t\t\t\t\t<div class=\"elementor-column elementor-col-100 elementor-top-column elementor-element elementor-element-4731383\" data-id=\"4731383\" data-element_type=\"column\">\n\t\t\t<div class=\"elementor-widget-wrap elementor-element-populated\">\n\t\t\t\t\t\t<div class=\"elementor-element elementor-element-4a1a8f1 elementor-widget elementor-widget-heading\" data-id=\"4a1a8f1\" data-element_type=\"widget\" data-widget_type=\"heading.default\">\n\t\t\t\t<div class=\"elementor-widget-container\">\n\t\t\t<h1 class=\"elementor-heading-title elementor-size-default\">Contact information<\/h1>\t\t<\/div>\n\t\t\t\t<\/div>\n\t\t\t\t<section class=\"elementor-section elementor-inner-section elementor-element elementor-element-0bb0176 elementor-section-boxed elementor-section-height-default elementor-section-height-default\" data-id=\"0bb0176\" data-element_type=\"section\">\n\t\t\t\t\t\t<div class=\"elementor-container elementor-column-gap-default\">\n\t\t\t\t\t<div class=\"elementor-column elementor-col-33 elementor-inner-column elementor-element elementor-element-d56f1d1\" data-id=\"d56f1d1\" data-element_type=\"column\">\n\t\t\t<div class=\"elementor-widget-wrap elementor-element-populated\">\n\t\t\t\t\t\t<div class=\"elementor-element elementor-element-ba36082 elementor-widget elementor-widget-contact-info\" data-id=\"ba36082\" data-element_type=\"widget\" data-widget_type=\"contact-info.default\">\n\t\t\t\t<div class=\"elementor-widget-container\">\n\t\t\t\r\n        <div class=\"contact__four-info\">\r\n            <div class=\"contact__four-info-icon\">\r\n                <img decoding=\"async\" src=\"https:\/\/ssaguvenlik.com\/wp-content\/uploads\/2023\/10\/location.png\" alt=\"No alt text\" title=\"\">            <\/div>\r\n            <h4>ADDRESS<\/h4>\r\n            <span><\/span>\r\n            <p><a href=\"https:\/\/maps.app.goo.gl\/MxZXY7VxRSTt3EKC7\" target=\"_blank\" rel=\"noopener\">Mecidiyek\u00f6y Mah. B\u00fcy\u00fckdere Cad. H\u00fcrmet Ke\u00e7eli Business Center. No:53 D:5 K:2 \u015ei\u015fli - Istanbul<\/a><\/p>        <\/div>\r\n\t\t<\/div>\n\t\t\t\t<\/div>\n\t\t\t\t\t<\/div>\n\t\t<\/div>\n\t\t\t\t<div class=\"elementor-column elementor-col-33 elementor-inner-column elementor-element elementor-element-be97abe\" data-id=\"be97abe\" data-element_type=\"column\">\n\t\t\t<div class=\"elementor-widget-wrap elementor-element-populated\">\n\t\t\t\t\t\t<div class=\"elementor-element elementor-element-979dfff elementor-widget elementor-widget-contact-info\" data-id=\"979dfff\" data-element_type=\"widget\" data-widget_type=\"contact-info.default\">\n\t\t\t\t<div class=\"elementor-widget-container\">\n\t\t\t\r\n        <div class=\"contact__four-info\">\r\n            <div class=\"contact__four-info-icon\">\r\n                <img decoding=\"async\" src=\"https:\/\/ssaguvenlik.com\/wp-content\/uploads\/2023\/10\/phone.png\" alt=\"No alt text\" title=\"\">            <\/div>\r\n            <h4>TELEPHONE<\/h4>\r\n            <span><\/span>\r\n            <p><a href=\"tel: 902122129040\"> 0212 212 9040<\/a>\n<br><br><\/p>\n        <\/div>\r\n\t\t<\/div>\n\t\t\t\t<\/div>\n\t\t\t\t\t<\/div>\n\t\t<\/div>\n\t\t\t\t<div class=\"elementor-column elementor-col-33 elementor-inner-column elementor-element elementor-element-e55a84f\" data-id=\"e55a84f\" data-element_type=\"column\">\n\t\t\t<div class=\"elementor-widget-wrap elementor-element-populated\">\n\t\t\t\t\t\t<div class=\"elementor-element elementor-element-de390bd elementor-widget elementor-widget-contact-info\" data-id=\"de390bd\" data-element_type=\"widget\" data-widget_type=\"contact-info.default\">\n\t\t\t\t<div class=\"elementor-widget-container\">\n\t\t\t\r\n        <div class=\"contact__four-info\">\r\n            <div class=\"contact__four-info-icon\">\r\n                <img decoding=\"async\" src=\"https:\/\/ssaguvenlik.com\/wp-content\/uploads\/2023\/10\/mail.png\" alt=\"No alt text\" title=\"\">            <\/div>\r\n            <h4>MAIL<\/h4>\r\n            <span><\/span>\r\n            <p><a href=\"mailto:info@ssaguvenlik.com\"> info@ssaguvenlik.com <br><br><\/a><\/p>        <\/div>\r\n\t\t<\/div>\n\t\t\t\t<\/div>\n\t\t\t\t\t<\/div>\n\t\t<\/div>\n\t\t\t\t\t<\/div>\n\t\t<\/section>\n\t\t\t\t\t<\/div>\n\t\t<\/div>\n\t\t\t\t\t<\/div>\n\t\t<\/section>\n\t\t\t\t<section class=\"elementor-section elementor-top-section elementor-element elementor-element-97b3a3d elementor-section-boxed elementor-section-height-default elementor-section-height-default\" data-id=\"97b3a3d\" data-element_type=\"section\" id=\"form\">\n\t\t\t\t\t\t<div class=\"elementor-container elementor-column-gap-no\">\n\t\t\t\t\t<div class=\"elementor-column elementor-col-100 elementor-top-column elementor-element elementor-element-b2f207e\" data-id=\"b2f207e\" data-element_type=\"column\">\n\t\t\t<div class=\"elementor-widget-wrap elementor-element-populated\">\n\t\t\t\t\t\t<div class=\"elementor-element elementor-element-e7d2e7f iletisim-formu-cont elementor-widget elementor-widget-contact-form\" data-id=\"e7d2e7f\" data-element_type=\"widget\" data-widget_type=\"contact-form.default\">\n\t\t\t\t<div class=\"elementor-widget-container\">\n\t\t\t        \r\n                    <div class=\"contact__four\">\r\n\t\t<div class=\"container\">\r\n\t\t\t<div class=\"row\">\r\n\t\t\t\t<div class=\"col-xl-12\">\r\n                    <div class=\"contact__four-form t-center\">\r\n                        <div class=\"contact__four-form-title\">\t\r\n                            <span class=\"subtitle-one\">WE WILL BE BACK IMMEDIATELY<\/span>\r\n                            <h2>CONTACT FORM<\/h2>\r\n                        <\/div>\r\n                        \n<div class=\"wpcf7 no-js\" id=\"wpcf7-f4135-o1\" lang=\"en-US\" dir=\"ltr\" data-wpcf7-id=\"4135\">\n<div class=\"screen-reader-response\"><p role=\"status\" aria-live=\"polite\" aria-atomic=\"true\"><\/p> <ul><\/ul><\/div>\n<form action=\"\/wp-json\/wp\/v2\/pages\/1949\" method=\"post\" class=\"wpcf7-form init\" aria-label=\"contact form\" novalidate=\"novalidate\" data-status=\"init\" data-trp-original-action=\"\/en\/wp-json\/wp\/v2\/pages\/1949#wpcf7-f4135-o1\">\n<fieldset class=\"hidden-fields-container\"><input type=\"hidden\" name=\"_wpcf7\" value=\"4135\" \/><input type=\"hidden\" name=\"_wpcf7_version\" value=\"6.1.5\" \/><input type=\"hidden\" name=\"_wpcf7_locale\" value=\"en_US\" \/><input type=\"hidden\" name=\"_wpcf7_unit_tag\" value=\"wpcf7-f4135-o1\" \/><input type=\"hidden\" name=\"_wpcf7_container_post\" value=\"0\" \/><input type=\"hidden\" name=\"_wpcf7_posted_data_hash\" value=\"\" \/>\n<\/fieldset>\n<div class=\"row contact-form\">\n<div class=\"col-md-6 mb-20\">\n\t<span class=\"wpcf7-form-control-wrap\" data-name=\"isim\"><input size=\"40\" maxlength=\"400\" class=\"wpcf7-form-control wpcf7-text wpcf7-validates-as-required\" aria-required=\"true\" aria-invalid=\"false\" placeholder=\"Name surname\" value=\"\" type=\"text\" name=\"isim\" \/><\/span>\n<\/div>\n\n<div class=\"col-md-6 mb-20\">\n\t<span class=\"wpcf7-form-control-wrap\" data-name=\"eposta\"><input size=\"40\" maxlength=\"400\" class=\"wpcf7-form-control wpcf7-email wpcf7-text wpcf7-validates-as-email\" aria-invalid=\"false\" placeholder=\"Email\" value=\"\" type=\"email\" name=\"eposta\" \/><\/span>\n<\/div>\n\n<div class=\"col-md-6 mb-20\">\n\t<span class=\"wpcf7-form-control-wrap\" data-name=\"telefon\"><input size=\"40\" maxlength=\"400\" class=\"wpcf7-form-control wpcf7-text wpcf7-validates-as-required\" aria-required=\"true\" aria-invalid=\"false\" placeholder=\"Telephone\" value=\"\" type=\"text\" name=\"telefon\" \/><\/span>\n<\/div>\n\n<div class=\"col-md-6 mb-20\">\n\t<span class=\"wpcf7-form-control-wrap\" data-name=\"konu\"><input size=\"40\" maxlength=\"400\" class=\"wpcf7-form-control wpcf7-text wpcf7-validates-as-required\" aria-required=\"true\" aria-invalid=\"false\" placeholder=\"Subject\" value=\"\" type=\"text\" name=\"konu\" \/><\/span>\n<\/div>\n\n<div class=\"col-md-12 mb-30\">\n\t<span class=\"wpcf7-form-control-wrap\" data-name=\"mesaj\"><textarea cols=\"40\" rows=\"10\" maxlength=\"2000\" class=\"wpcf7-form-control wpcf7-textarea wpcf7-validates-as-required\" aria-required=\"true\" aria-invalid=\"false\" placeholder=\"Your message\" name=\"mesaj\"><\/textarea><\/span>\n<\/div>\n  <div class=\"col-lg-12\">\n    <div class=\"contact__page-form-item\">\n      <span class=\"wpcf7-form-control-wrap\" data-name=\"hcap-cf7\">\t\t<input\n\t\t\t\ttype=\"hidden\"\n\t\t\t\tclass=\"hcaptcha-widget-id\"\n\t\t\t\tname=\"hcaptcha-widget-id\"\n\t\t\t\tvalue=\"eyJzb3VyY2UiOlsiY29udGFjdC1mb3JtLTdcL3dwLWNvbnRhY3QtZm9ybS03LnBocCJdLCJmb3JtX2lkIjo0MTM1fQ==-2658b5632a4047356d71c87e8255f461\">\n\t\t\t\t<span id=\"hcap_cf7-6a05e31aa235b3.78631828\" class=\"wpcf7-form-control h-captcha\"\n\t\t\tdata-sitekey=\"2844963e-d3e5-4439-ae8e-c326baed8273\"\n\t\t\tdata-theme=\"light\"\n\t\t\tdata-size=\"normal\"\n\t\t\tdata-auto=\"false\"\n\t\t\tdata-ajax=\"false\"\n\t\t\tdata-force=\"false\">\n\t\t<\/span>\n\t\t<input type=\"hidden\" id=\"_wpnonce\" name=\"_wpnonce\" value=\"81779c0647\" \/><input type=\"hidden\" name=\"_wp_http_referer\" value=\"\/en\/wp-json\/wp\/v2\/pages\/1949\" \/><\/span><button class=\"btn-one\" type=\"submit\">\n        SEND MESSAGE<i class=\"far fa-chevron-double-right\"><\/i>\n      <\/button>\n    <\/div>\n  <\/div>\n<\/div><div class=\"wpcf7-response-output\" aria-hidden=\"true\"><\/div>\n<input type=\"hidden\" name=\"trp-form-language\" value=\"en\"\/><\/form>\n<\/div>\n                    <\/div>\r\n\t\t\t\t<\/div>\r\n\t\t\t<\/div>\r\n\t\t<\/div>\r\n\t<\/div>\r\n        \r\n\t\t<\/div>\n\t\t\t\t<\/div>\n\t\t\t\t\t<\/div>\n\t\t<\/div>\n\t\t\t\t\t<\/div>\n\t\t<\/section>\n\t\t\t\t<section class=\"elementor-section elementor-top-section elementor-element elementor-element-4323535 elementor-section-full_width elementor-section-height-default elementor-section-height-default\" data-id=\"4323535\" data-element_type=\"section\">\n\t\t\t\t\t\t<div class=\"elementor-container elementor-column-gap-no\">\n\t\t\t\t\t<div class=\"elementor-column elementor-col-100 elementor-top-column elementor-element elementor-element-3054e3b\" data-id=\"3054e3b\" data-element_type=\"column\">\n\t\t\t<div class=\"elementor-widget-wrap elementor-element-populated\">\n\t\t\t\t\t\t<div class=\"elementor-element elementor-element-3f9a711 elementor-widget elementor-widget-html\" data-id=\"3f9a711\" data-element_type=\"widget\" data-widget_type=\"html.default\">\n\t\t\t\t<div class=\"elementor-widget-container\">\n\t\t\t<iframe src=\"https:\/\/www.google.com\/maps\/embed?pb=!1m14!1m8!1m3!1d6016.069138451735!2d28.997460000000004!3d41.068237!3m2!1i1024!2i768!4f13.1!3m3!1m2!1s0x14cab701fd434dd1%3A0xcc47c2c0b677e334!2sSesa%20Group%20G%C3%BCvenlik%20-%20Vale%20-%20Temizlik%20-%20Vestiyer%20ve%20Koruma%20hizmetleri!5e0!3m2!1str!2sus!4v1778252792860!5m2!1str!2sus\" width=\"600\" height=\"600\" style=\"border:0;\" allowfullscreen=\"\" loading=\"lazy\" referrerpolicy=\"no-referrer-when-downgrade\"><\/iframe>\t\t<\/div>\n\t\t\t\t<\/div>\n\t\t\t\t\t<\/div>\n\t\t<\/div>\n\t\t\t\t\t<\/div>\n\t\t<\/section>\n\t\t\t\t<\/div>","protected":false},"excerpt":{"rendered":"<p>Contact Information ADDRESS Mecidiyek\u00f6y Mah. B\u00fcy\u00fckdere Cad. H\u00fcrmet Ke\u00e7eli Business Center. No:53 D:5 K:2 \u015ei\u015fli \u2013 \u0130stanbul PHONE 0212 212 9040 MAIL info@ssaguvenlik.com WE WILL BE BACK IMMEDIATELY CONTACT FORM SEND MESSAGE<\/p>","protected":false},"author":1,"featured_media":0,"parent":0,"menu_order":0,"comment_status":"closed","ping_status":"closed","template":"page-builder.php","meta":{"footnotes":""},"class_list":["post-1949","page","type-page","status-publish","hentry"],"_links":{"self":[{"href":"https:\/\/ssaguvenlik.com\/en\/wp-json\/wp\/v2\/pages\/1949","targetHints":{"allow":["GET"]}}],"collection":[{"href":"https:\/\/ssaguvenlik.com\/en\/wp-json\/wp\/v2\/pages"}],"about":[{"href":"https:\/\/ssaguvenlik.com\/en\/wp-json\/wp\/v2\/types\/page"}],"author":[{"embeddable":true,"href":"https:\/\/ssaguvenlik.com\/en\/wp-json\/wp\/v2\/users\/1"}],"replies":[{"embeddable":true,"href":"https:\/\/ssaguvenlik.com\/en\/wp-json\/wp\/v2\/comments?post=1949"}],"version-history":[{"count":9,"href":"https:\/\/ssaguvenlik.com\/en\/wp-json\/wp\/v2\/pages\/1949\/revisions"}],"predecessor-version":[{"id":7788,"href":"https:\/\/ssaguvenlik.com\/en\/wp-json\/wp\/v2\/pages\/1949\/revisions\/7788"}],"wp:attachment":[{"href":"https:\/\/ssaguvenlik.com\/en\/wp-json\/wp\/v2\/media?parent=1949"}],"curies":[{"name":"wp","href":"https:\/\/api.w.org\/{rel}","templated":true}]}}